{"id":15,"date":"2020-06-05T09:12:54","date_gmt":"2020-06-05T09:12:54","guid":{"rendered":"https:\/\/demo.casethemes.net\/bixol\/?page_id=15"},"modified":"2025-06-16T14:07:01","modified_gmt":"2025-06-16T14:07:01","slug":"a-propos","status":"publish","type":"page","link":"https:\/\/blstoitures.be\/fr\/a-propos\/","title":{"rendered":"A propos de nous"},"content":{"rendered":"\t\t<div data-elementor-type=\"wp-page\" data-elementor-id=\"15\" class=\"elementor elementor-15\">\n\t\t\t\t\t\t\t        <section class=\"elementor-section elementor-top-section elementor-element elementor-element-7f41d081 elementor-section-boxed elementor-section-height-default elementor-section-height-default ct-header-fixed-none pxl-divider-none\" data-id=\"7f41d081\" data-element_type=\"section\">\n                            <div class=\"elementor-background-overlay\"><\/div>\n                \n                        <div class=\"elementor-container elementor-column-gap-extended \">\n                    <div class=\"elementor-column elementor-col-50 elementor-top-column elementor-element elementor-element-93b8d37\" data-id=\"93b8d37\" data-element_type=\"column\">\n            <div class=\"elementor-widget-wrap elementor-element-populated\">\n                        \t\t<div class=\"elementor-element elementor-element-53d3f4b9 elementor-widget elementor-widget-ct_banner\" data-id=\"53d3f4b9\" data-element_type=\"widget\" data-widget_type=\"ct_banner.default\">\n\t\t\t\t<div class=\"elementor-widget-container\">\n\t\t\t\t<div class=\"ct-banner1 wow fadeInLeft  style2\">\r\n\t\t<div class=\"ct-banner-inner \">\r\n\t\t\t<img decoding=\"async\" width=\"2098\" height=\"2560\" src=\"https:\/\/blstoitures.be\/wp-content\/uploads\/2025\/06\/vue-laterale-homme-travaillant-sur-le-toit-avec-une-perceuse-scaled.jpg\" class=\"ct-banner-image1 attachment-full\" alt=\"\" \/>\t\t\t\t\t\t<div class=\"ct-banner-holder\">\r\n\t\t\t\t\t\t\t        <div class=\"item--icon icon-psb\">\r\n\t\t\t            <i aria-hidden=\"true\" class=\"flaticonv2 flaticonv2-appointment\"><\/i>\t\t\t        <\/div>\r\n\t\t\t    \t\t\t\t<div class=\"ct-banner-meta\">\r\n\t\t\t\t\t\t\t\t\t\t\t<div class=\"ct-banner-number\">10+<\/div>\r\n\t\t\t\t\t\t\t\t\t\t<h4 class=\"ct-banner-title\">Ann\u00e9es d\u2019exp\u00e9rience<\/h4>\r\n\t\t\t\t<\/div>\r\n\t\t\t\t\t\t\t<\/div>\r\n\t\t<\/div>\r\n\t<\/div>\r\n\t\t<\/div>\n\t\t\t\t<\/div>\n\t\t            <\/div>\n        <\/div>\n                <div class=\"elementor-column elementor-col-50 elementor-top-column elementor-element elementor-element-65c88901\" data-id=\"65c88901\" data-element_type=\"column\">\n            <div class=\"elementor-widget-wrap elementor-element-populated\">\n                        \t\t<div class=\"elementor-element elementor-element-79a384d6 elementor-widget elementor-widget-ct_heading\" data-id=\"79a384d6\" data-element_type=\"widget\" data-widget_type=\"ct_heading.default\">\n\t\t\t\t<div class=\"elementor-widget-container\">\n\t\t\t<div id=\"ct_heading-79a384d6\" class=\"ct-heading h-align- ct-heading-left item-st-default\">\r\n\t<div class=\"ct-heading--inner\">\r\n        <div class=\"ct-inline-css\"  data-css=\"\r\n            \">\r\n        <\/div>\r\n                <h3 class=\"item--title  st-default \" data-wow-delay=\"ms\">\r\n            <span class=\"ct-text-inner\">\u00c0 propos de nous<\/span>        <\/h3>\r\n    <\/div>\r\n<\/div>\t\t<\/div>\n\t\t\t\t<\/div>\n\t\t\t\t<div class=\"elementor-element elementor-element-264d30c3 elementor-widget elementor-widget-ct_text_editor\" data-id=\"264d30c3\" data-element_type=\"widget\" data-widget_type=\"ct_text_editor.default\">\n\t\t\t\t<div class=\"elementor-widget-container\">\n\t\t\t<div id=\"ct_text_editor-264d30c3\" class=\"ct-text-editor \" data-wow-delay=\"ms\">\n\t<div class=\"ct-item--inner\">\n\t\t<div class=\"ct-inline-css\"  data-css=\"\n\t        \t\t\t\">\n\n\t    <\/div>\n\t\t<div class=\"ct-text-editor elementor-clearfix\">\n\t\t\t<p data-start=\"73\" data-end=\"342\">Bienvenue chez <strong data-start=\"88\" data-end=\"104\">BLS TOITURES<\/strong>, o\u00f9 la cr\u00e9ativit\u00e9 s\u2019allie \u00e0 l\u2019expertise. Bien plus qu\u2019un simple acteur de la r\u00e9novation, notre parcours refl\u00e8te une passion profonde, un savoir-faire affirm\u00e9 et un engagement constant \u00e0 offrir des r\u00e9alisations qui sortent de l\u2019ordinaire.<\/p><p data-start=\"344\" data-end=\"589\">Chez BLS TOITURES, l\u2019artisanat rencontre l\u2019innovation. Chaque projet incarne notre volont\u00e9 de transformer les espaces avec exigence et \u00e9l\u00e9gance, guid\u00e9s par le sens du d\u00e9tail, la recherche de l\u2019excellence et une \u00e9coute attentive de nos clients.<\/p><p data-start=\"591\" data-end=\"830\" data-is-last-node=\"\" data-is-only-node=\"\">Forts de cette vision, nous avons affirm\u00e9 notre position de r\u00e9f\u00e9rence dans le domaine de la r\u00e9novation. Au-del\u00e0 de la transformation des lieux, nous concevons des exp\u00e9riences de vie et de travail enrichissantes, durables et personnalis\u00e9es.<\/p>\t\t\n\t\t<\/div>\n\t<\/div>\n<\/div>\t\t<\/div>\n\t\t\t\t<\/div>\n\t\t\t\t<div class=\"elementor-element elementor-element-a791be0 elementor-widget elementor-widget-ct_button\" data-id=\"a791be0\" data-element_type=\"widget\" data-widget_type=\"ct_button.default\">\n\t\t\t\t<div class=\"elementor-widget-container\">\n\t\t\t<div id=\"ct_button-a791be0\" class=\"ct-button-wrapper ct-button-layout1\">\r\n    <div class=\"ct-inline-css\"  data-css=\"\r\n        \">\r\n    <\/div>\r\n            <span class=\"ct-icon-active\"><\/span>\r\n        <a href=\"https:\/\/blstoitures.be\/contact\/\" class=\"btn   btn-primary-normal  icon-ps- \" data-wow-delay=\"ms\">\r\n                            <span class=\"ct-button-icon ct-align-icon-\">\r\n                            <\/span>\r\n                <span class=\"ct-button-text\">\r\n                        Contactez-nous        <\/span>\r\n    <\/a>\r\n<\/div>\t\t<\/div>\n\t\t\t\t<\/div>\n\t\t\t\t<div class=\"elementor-element elementor-element-60428719 elementor-widget-divider--view-line elementor-widget elementor-widget-divider\" data-id=\"60428719\" data-element_type=\"widget\" data-widget_type=\"divider.default\">\n\t\t\t\t<div class=\"elementor-widget-container\">\n\t\t\t<style>\/*! elementor - v3.11.2 - 22-02-2023 *\/\n.elementor-widget-divider{--divider-border-style:none;--divider-border-width:1px;--divider-color:#2c2c2c;--divider-icon-size:20px;--divider-element-spacing:10px;--divider-pattern-height:24px;--divider-pattern-size:20px;--divider-pattern-url:none;--divider-pattern-repeat:repeat-x}.elementor-widget-divider .elementor-divider{display:flex}.elementor-widget-divider .elementor-divider__text{font-size:15px;line-height:1;max-width:95%}.elementor-widget-divider .elementor-divider__element{margin:0 var(--divider-element-spacing);flex-shrink:0}.elementor-widget-divider .elementor-icon{font-size:var(--divider-icon-size)}.elementor-widget-divider .elementor-divider-separator{display:flex;margin:0;direction:ltr}.elementor-widget-divider--view-line_icon .elementor-divider-separator,.elementor-widget-divider--view-line_text .elementor-divider-separator{align-items:center}.elementor-widget-divider--view-line_icon .elementor-divider-separator:after,.elementor-widget-divider--view-line_icon .elementor-divider-separator:before,.elementor-widget-divider--view-line_text .elementor-divider-separator:after,.elementor-widget-divider--view-line_text .elementor-divider-separator:before{display:block;content:\"\";border-bottom:0;flex-grow:1;border-top:var(--divider-border-width) var(--divider-border-style) var(--divider-color)}.elementor-widget-divider--element-align-left .elementor-divider .elementor-divider-separator>.elementor-divider__svg:first-of-type{flex-grow:0;flex-shrink:100}.elementor-widget-divider--element-align-left .elementor-divider-separator:before{content:none}.elementor-widget-divider--element-align-left .elementor-divider__element{margin-left:0}.elementor-widget-divider--element-align-right .elementor-divider .elementor-divider-separator>.elementor-divider__svg:last-of-type{flex-grow:0;flex-shrink:100}.elementor-widget-divider--element-align-right .elementor-divider-separator:after{content:none}.elementor-widget-divider--element-align-right .elementor-divider__element{margin-right:0}.elementor-widget-divider:not(.elementor-widget-divider--view-line_text):not(.elementor-widget-divider--view-line_icon) .elementor-divider-separator{border-top:var(--divider-border-width) var(--divider-border-style) var(--divider-color)}.elementor-widget-divider--separator-type-pattern{--divider-border-style:none}.elementor-widget-divider--separator-type-pattern.elementor-widget-divider--view-line .elementor-divider-separator,.elementor-widget-divider--separator-type-pattern:not(.elementor-widget-divider--view-line) .elementor-divider-separator:after,.elementor-widget-divider--separator-type-pattern:not(.elementor-widget-divider--view-line) .elementor-divider-separator:before,.elementor-widget-divider--separator-type-pattern:not([class*=elementor-widget-divider--view]) .elementor-divider-separator{width:100%;min-height:var(--divider-pattern-height);-webkit-mask-size:var(--divider-pattern-size) 100%;mask-size:var(--divider-pattern-size) 100%;-webkit-mask-repeat:var(--divider-pattern-repeat);mask-repeat:var(--divider-pattern-repeat);background-color:var(--divider-color);-webkit-mask-image:var(--divider-pattern-url);mask-image:var(--divider-pattern-url)}.elementor-widget-divider--no-spacing{--divider-pattern-size:auto}.elementor-widget-divider--bg-round{--divider-pattern-repeat:round}.rtl .elementor-widget-divider .elementor-divider__text{direction:rtl}.e-con-inner>.elementor-widget-divider,.e-con>.elementor-widget-divider{width:var(--container-widget-width,100%);--flex-grow:var(--container-widget-flex-grow)}<\/style>\t\t<div class=\"elementor-divider\">\n\t\t\t<span class=\"elementor-divider-separator\">\n\t\t\t\t\t\t<\/span>\n\t\t<\/div>\n\t\t\t\t<\/div>\n\t\t\t\t<\/div>\n\t\t            <\/div>\n        <\/div>\n                            <\/div>\n        <\/section>\n                <section class=\"elementor-section elementor-top-section elementor-element elementor-element-1e9d4e57 elementor-section-stretched elementor-section-boxed elementor-section-height-default elementor-section-height-default ct-header-fixed-none pxl-divider-none\" data-id=\"1e9d4e57\" data-element_type=\"section\" data-settings=\"{&quot;stretch_section&quot;:&quot;section-stretched&quot;,&quot;background_background&quot;:&quot;classic&quot;}\">\n            \n                        <div class=\"elementor-container elementor-column-gap-extended \">\n                    <div class=\"elementor-column elementor-col-100 elementor-top-column elementor-element elementor-element-58b04a1e\" data-id=\"58b04a1e\" data-element_type=\"column\">\n            <div class=\"elementor-widget-wrap elementor-element-populated\">\n                        \t\t<div class=\"elementor-element elementor-element-76179970 elementor-widget elementor-widget-ct_history_carousel\" data-id=\"76179970\" data-element_type=\"widget\" data-widget_type=\"ct_history_carousel.default\">\n\t\t\t\t<div class=\"elementor-widget-container\">\n\t\t\t    <div class=\"ct-history ct-history-carousel1 ct-slick-slider\">\r\n        <div class=\"ct-carousel-inner\">\r\n\r\n            <div class=\"ct-slick-nav\" data-nav=\"4\" data-dir=\"false\">\r\n                                    <div class=\"slick-slide\">\r\n                        <div class=\"item--meta\">\r\n                            <div class=\"item--year\"><\/div>\r\n                       <\/div>\r\n                    <\/div>\r\n                            <\/div>\r\n\r\n            <div class=\"ct-slick-primary\">\r\n                <div class=\"ct-slick-carousel\">\r\n                                            <div class=\"slick-slide\">\r\n                            <div class=\"item--holder\">\r\n                                <h3 class=\"item--title\">    \r\n                                    BLS TOITURES                                <\/h3>\r\n                                <div class=\"item--description\">Chaque projet que nous r\u00e9alisons \u00e9crit une nouvelle page de l\u2019histoire de BLS TOITURES . Plongez dans notre parcours, d\u00e9couvrez les personnes qui incarnent notre vision ainsi que les valeurs qui nous animent. Qu\u2019il s\u2019agisse d\u2019un projet r\u00e9sidentiel ou commercial, nous vous invitons \u00e0 faire partie de notre aventure et \u00e0 transformer vos id\u00e9es en cr\u00e9ations raffin\u00e9es et sur mesure.<\/div>\r\n                           <\/div>\r\n                        <\/div>\r\n                                    <\/div>\r\n            <\/div>\r\n            \r\n        <\/div>\r\n    <\/div>\r\n\t\t<\/div>\n\t\t\t\t<\/div>\n\t\t            <\/div>\n        <\/div>\n                            <\/div>\n        <\/section>\n        \t\t\t\t\t<\/div>\n\t\t","protected":false},"excerpt":{"rendered":"<p>10+ Ann\u00e9es d\u2019exp\u00e9rience \u00c0 propos de nous Bienvenue chez BLS TOITURES, o\u00f9 la cr\u00e9ativit\u00e9 s\u2019allie \u00e0 l\u2019expertise. Bien plus qu\u2019un simple acteur de la r\u00e9novation, notre parcours refl\u00e8te une passion profonde, un savoir-faire affirm\u00e9 et un engagement constant \u00e0 offrir des r\u00e9alisations qui sortent de l\u2019ordinaire. Chez BLS TOITURES, l\u2019artisanat rencontre l\u2019innovation. Chaque projet incarne [&hellip;]<\/p>\n","protected":false},"author":1,"featured_media":0,"parent":0,"menu_order":0,"comment_status":"closed","ping_status":"closed","template":"","meta":{"footnotes":""},"class_list":["post-15","page","type-page","status-publish","hentry"],"_links":{"self":[{"href":"https:\/\/blstoitures.be\/fr\/wp-json\/wp\/v2\/pages\/15","targetHints":{"allow":["GET"]}}],"collection":[{"href":"https:\/\/blstoitures.be\/fr\/wp-json\/wp\/v2\/pages"}],"about":[{"href":"https:\/\/blstoitures.be\/fr\/wp-json\/wp\/v2\/types\/page"}],"author":[{"embeddable":true,"href":"https:\/\/blstoitures.be\/fr\/wp-json\/wp\/v2\/users\/1"}],"replies":[{"embeddable":true,"href":"https:\/\/blstoitures.be\/fr\/wp-json\/wp\/v2\/comments?post=15"}],"version-history":[{"count":55,"href":"https:\/\/blstoitures.be\/fr\/wp-json\/wp\/v2\/pages\/15\/revisions"}],"predecessor-version":[{"id":8762,"href":"https:\/\/blstoitures.be\/fr\/wp-json\/wp\/v2\/pages\/15\/revisions\/8762"}],"wp:attachment":[{"href":"https:\/\/blstoitures.be\/fr\/wp-json\/wp\/v2\/media?parent=15"}],"curies":[{"name":"wp","href":"https:\/\/api.w.org\/{rel}","templated":true}]}}