{"id":166,"date":"2020-08-19T10:22:05","date_gmt":"2020-08-19T10:22:05","guid":{"rendered":"https:\/\/demo.casethemes.net\/bixol\/?page_id=166"},"modified":"2025-06-16T14:11:17","modified_gmt":"2025-06-16T14:11:17","slug":"contact","status":"publish","type":"page","link":"https:\/\/blstoitures.be\/fr\/contact\/","title":{"rendered":"Contact"},"content":{"rendered":"\t\t<div data-elementor-type=\"wp-page\" data-elementor-id=\"166\" class=\"elementor elementor-166\">\n\t\t\t\t\t\t\t        <section class=\"elementor-section elementor-top-section elementor-element elementor-element-6875ece elementor-section-stretched elementor-section-boxed elementor-section-height-default elementor-section-height-default ct-header-fixed-none pxl-divider-none\" data-id=\"6875ece\" data-element_type=\"section\" data-settings=\"{&quot;stretch_section&quot;:&quot;section-stretched&quot;,&quot;background_background&quot;:&quot;classic&quot;}\">\n            \n                        <div class=\"elementor-container elementor-column-gap-extended \">\n                    <div class=\"elementor-column elementor-col-50 elementor-top-column elementor-element elementor-element-42daa29\" data-id=\"42daa29\" data-element_type=\"column\">\n            <div class=\"elementor-widget-wrap elementor-element-populated\">\n                        \t\t<div class=\"elementor-element elementor-element-d5f0449 elementor-widget elementor-widget-ct_heading\" data-id=\"d5f0449\" data-element_type=\"widget\" data-widget_type=\"ct_heading.default\">\n\t\t\t\t<div class=\"elementor-widget-container\">\n\t\t\t<div id=\"ct_heading-d5f0449\" class=\"ct-heading h-align- ct-heading-left item-st-default\">\r\n\t<div class=\"ct-heading--inner\">\r\n        <div class=\"ct-inline-css\"  data-css=\"\r\n            \">\r\n        <\/div>\r\n            \t\t<div class=\"item--sub-title st-default \" data-wow-delay=\"ms\">\r\n                <div class=\"item--sub-title-inner\">\r\n                                            <div class=\"icon-sub-title\">\r\n                            <svg version=\"1.0\" xmlns=\"http:\/\/www.w3.org\/2000\/svg\" viewBox=\"0 0 382.000000 382.000000\" preserveAspectRatio=\"xMidYMid meet\">\r\n                                <defs>\r\n                                    <linearGradient id=\"sub-icon1\" x1=\"0%\" y1=\"0%\" x2=\"0%\" y2=\"100%\">\r\n                                          <stop offset=\"0%\" style=\"stop-color:#000000;stop-opacity:1\" \/>\r\n                                          <stop offset=\"100%\" style=\"stop-color:#e41c1f;stop-opacity:1\" \/>\r\n                                    <\/linearGradient>\r\n                                  <\/defs>\r\n                                <g fill=\"url(#sub-icon1)\" transform=\"translate(0.000000,382.000000) scale(0.100000,-0.100000)\" fill=\"#000000\" stroke=\"none\"><path d=\"M1856 3797 c-20 -20 -23 -36 -29 -142 -50 -901 -761 -1612 -1662 -1662 -106 -6 -122 -9 -142 -29 -30 -30 -30 -78 0 -108 20 -20 36 -23 142 -29 901 -50 1612 -761 1662 -1662 6 -106 9 -122 29 -142 30 -30 78 -30 108 0 20 20 23 36 29 142 50 901 761 1612 1662 1662 106 6 122 9 142 29 30 30 30 78 0 108 -20 20 -36 23 -142 29 -901 50 -1612 761 -1662 1662 -6 106 -9 122 -29 142 -14 14 -35 23 -54 23 -19 0 -40 -9 -54 -23z\"\/><\/g>\r\n                            <\/svg>\r\n                            <svg version=\"1.0\" xmlns=\"http:\/\/www.w3.org\/2000\/svg\" viewBox=\"0 0 382.000000 382.000000\" preserveAspectRatio=\"xMidYMid meet\">\r\n                                <defs>\r\n                                    <linearGradient id=\"sub-icon2\" x1=\"0%\" y1=\"0%\" x2=\"0%\" y2=\"100%\">\r\n                                          <stop offset=\"0%\" style=\"stop-color:#000000;stop-opacity:1\" \/>\r\n                                          <stop offset=\"100%\" style=\"stop-color:#e41c1f;stop-opacity:1\" \/>\r\n                                    <\/linearGradient>\r\n                                  <\/defs>\r\n                                <g fill=\"url(#sub-icon2)\" transform=\"translate(0.000000,382.000000) scale(0.100000,-0.100000)\" fill=\"#000000\" stroke=\"none\"><path d=\"M1856 3797 c-20 -20 -23 -36 -29 -142 -50 -901 -761 -1612 -1662 -1662 -106 -6 -122 -9 -142 -29 -30 -30 -30 -78 0 -108 20 -20 36 -23 142 -29 901 -50 1612 -761 1662 -1662 6 -106 9 -122 29 -142 30 -30 78 -30 108 0 20 20 23 36 29 142 50 901 761 1612 1662 1662 106 6 122 9 142 29 30 30 30 78 0 108 -20 20 -36 23 -142 29 -901 50 -1612 761 -1662 1662 -6 106 -9 122 -29 142 -14 14 -35 23 -54 23 -19 0 -40 -9 -54 -23z\"\/><\/g>\r\n                            <\/svg>\r\n                            <svg version=\"1.0\" xmlns=\"http:\/\/www.w3.org\/2000\/svg\" viewBox=\"0 0 382.000000 382.000000\" preserveAspectRatio=\"xMidYMid meet\">\r\n                                <defs>\r\n                                    <linearGradient id=\"sub-icon3\" x1=\"0%\" y1=\"0%\" x2=\"0%\" y2=\"100%\">\r\n                                          <stop offset=\"0%\" style=\"stop-color:#000000;stop-opacity:1\" \/>\r\n                                          <stop offset=\"100%\" style=\"stop-color:#e41c1f;stop-opacity:1\" \/>\r\n                                    <\/linearGradient>\r\n                                  <\/defs>\r\n                                <g fill=\"url(#sub-icon3)\" transform=\"translate(0.000000,382.000000) scale(0.100000,-0.100000)\" fill=\"#000000\" stroke=\"none\"><path d=\"M1856 3797 c-20 -20 -23 -36 -29 -142 -50 -901 -761 -1612 -1662 -1662 -106 -6 -122 -9 -142 -29 -30 -30 -30 -78 0 -108 20 -20 36 -23 142 -29 901 -50 1612 -761 1662 -1662 6 -106 9 -122 29 -142 30 -30 78 -30 108 0 20 20 23 36 29 142 50 901 761 1612 1662 1662 106 6 122 9 142 29 30 30 30 78 0 108 -20 20 -36 23 -142 29 -901 50 -1612 761 -1662 1662 -6 106 -9 122 -29 142 -14 14 -35 23 -54 23 -19 0 -40 -9 -54 -23z\"\/><\/g>\r\n                            <\/svg>\r\n                        <\/div>\r\n                                        Connectez-vous avec nous                <\/div>\r\n            <\/div>\r\n    \t        <h3 class=\"item--title  st-default \" data-wow-delay=\"ms\">\r\n            <span class=\"ct-text-inner\">Ecrivez-nous pour toutes vos questions!<\/span>        <\/h3>\r\n    <\/div>\r\n<\/div>\t\t<\/div>\n\t\t\t\t<\/div>\n\t\t\t\t<div class=\"elementor-element elementor-element-10daed67 elementor-widget elementor-widget-ct_fancy_box\" data-id=\"10daed67\" data-element_type=\"widget\" data-widget_type=\"ct_fancy_box.default\">\n\t\t\t\t<div class=\"elementor-widget-container\">\n\t\t\t<div id=\"ct_fancy_box-10daed67\" class=\"ct-fancy-box ct-fancy-box-layout1 style1 wow fadeInUp\" data-wow-delay=\"ms\">\r\n    <div class=\"ct-inline-css\"  data-css=\"\r\n                        \">\r\n    <\/div>\r\n\r\n            <div class=\"item--icon\">\r\n            <i aria-hidden=\"true\" class=\"flaticon flaticon-pin\"><\/i>        <\/div>\r\n            <div class=\"item--holder\">\r\n        <h3 class=\"item--title fs-title-sm \">\r\n            Adresse        <\/h3>\r\n        <div class=\"item--description fs-desc-md\">\nChauss\u00e9e de ruisbroek 257, 1620 Drogenbos\n<\/div>\r\n    <\/div>\r\n\r\n            <a class=\"item--link\" href=\"https:\/\/www.google.com\/maps?q=380+St+Kilda+Road,+Melbourne,+Australia\"><\/a>\r\n    <\/div>\t\t<\/div>\n\t\t\t\t<\/div>\n\t\t\t\t<div class=\"elementor-element elementor-element-2f2d6e16 elementor-widget elementor-widget-ct_fancy_box\" data-id=\"2f2d6e16\" data-element_type=\"widget\" data-widget_type=\"ct_fancy_box.default\">\n\t\t\t\t<div class=\"elementor-widget-container\">\n\t\t\t<div id=\"ct_fancy_box-2f2d6e16\" class=\"ct-fancy-box ct-fancy-box-layout1 style1 wow fadeInUp\" data-wow-delay=\"50ms\">\r\n    <div class=\"ct-inline-css\"  data-css=\"\r\n                        \">\r\n    <\/div>\r\n\r\n            <div class=\"item--icon\">\r\n            <i aria-hidden=\"true\" class=\"flaticon flaticon-phone\"><\/i>        <\/div>\r\n            <div class=\"item--holder\">\r\n        <h3 class=\"item--title fs-title-sm \">\r\n            Num\u00e9ro de t\u00e9l\u00e9phone        <\/h3>\r\n        <div class=\"item--description fs-desc-md\">+32 471 74 10 31<\/div>\r\n    <\/div>\r\n\r\n            <a class=\"item--link\" href=\"tel:+4083895470\"><\/a>\r\n    <\/div>\t\t<\/div>\n\t\t\t\t<\/div>\n\t\t\t\t<div class=\"elementor-element elementor-element-368159ac elementor-widget elementor-widget-ct_fancy_box\" data-id=\"368159ac\" data-element_type=\"widget\" data-widget_type=\"ct_fancy_box.default\">\n\t\t\t\t<div class=\"elementor-widget-container\">\n\t\t\t<div id=\"ct_fancy_box-368159ac\" class=\"ct-fancy-box ct-fancy-box-layout1 style1 wow fadeInUp\" data-wow-delay=\"100ms\">\r\n    <div class=\"ct-inline-css\"  data-css=\"\r\n                        \">\r\n    <\/div>\r\n\r\n            <div class=\"item--icon\">\r\n            <i aria-hidden=\"true\" class=\"flaticon flaticon-mail\"><\/i>        <\/div>\r\n            <div class=\"item--holder\">\r\n        <h3 class=\"item--title fs-title-sm \">\r\n            Mail        <\/h3>\r\n        <div class=\"item--description fs-desc-md\">\nInfo@blstoitures.be<\/div>\r\n    <\/div>\r\n\r\n            <a class=\"item--link\" href=\"mailto:help@bixolcleaning.com\"><\/a>\r\n    <\/div>\t\t<\/div>\n\t\t\t\t<\/div>\n\t\t            <\/div>\n        <\/div>\n                <div class=\"elementor-column elementor-col-50 elementor-top-column elementor-element elementor-element-694add6\" data-id=\"694add6\" data-element_type=\"column\">\n            <div class=\"elementor-widget-wrap elementor-element-populated\">\n                        \t\t<div class=\"elementor-element elementor-element-b2655f0 elementor-widget elementor-widget-shortcode\" data-id=\"b2655f0\" data-element_type=\"widget\" data-widget_type=\"shortcode.default\">\n\t\t\t\t<div class=\"elementor-widget-container\">\n\t\t\t\t\t<div class=\"elementor-shortcode\"><div class=\"forminator-ui forminator-custom-form forminator-custom-form-8153 forminator-design--material  forminator_ajax\" data-forminator-render=\"0\" data-form=\"forminator-module-8153\" data-uid=\"69ddb912c75b9\"><br\/><\/div><form\n\t\t\t\tid=\"forminator-module-8153\"\n\t\t\t\tclass=\"forminator-ui forminator-custom-form forminator-custom-form-8153 forminator-design--material  forminator_ajax\"\n\t\t\t\tmethod=\"post\"\n\t\t\t\tdata-forminator-render=\"0\"\n\t\t\t\tdata-form-id=\"8153\"\n\t\t\t\t\n\t\t\t\tdata-design=\"material\"\n\t\t\t\t\n\t\t\t\t\n\t\t\t\t\n\t\t\t\tdata-grid=\"open\"\n\t\t\t\t\n\t\t\t\t\n\t\t\t\tstyle=\"display: none;\"\n\t\t\t\t\n\t\t\t\tdata-uid=\"69ddb912c75b9\"\n\t\t\t><div role=\"alert\" aria-live=\"polite\" class=\"forminator-response-message forminator-error\" aria-hidden=\"true\"><\/div><div class=\"forminator-row\"><div id=\"name-1\" class=\"forminator-field-name forminator-col forminator-col-12 \"><div class=\"forminator-row forminator-no-margin\" data-multiple=\"true\"><div class=\"forminator-col forminator-col-md-6\"><div class=\"forminator-field\"><label for=\"forminator-field-first-name-1_69ddb912c75b9\" id=\"forminator-field-first-name-1_69ddb912c75b9-label\" class=\"forminator-label\">Pr\u00e9nom <span class=\"forminator-required\">*<\/span><\/label><input type=\"text\" name=\"name-1-first-name\" placeholder=\"\" id=\"forminator-field-first-name-1_69ddb912c75b9\" class=\"forminator-input\" aria-required=\"true\" data-multi=\"1\" value=\"\" \/><\/div><\/div><div class=\"forminator-col forminator-col-md-6\"><div class=\"forminator-field\"><label for=\"forminator-field-last-name-1_69ddb912c75b9\" id=\"forminator-field-last-name-1_69ddb912c75b9-label\" class=\"forminator-label\">Nom <span class=\"forminator-required\">*<\/span><\/label><input type=\"text\" name=\"name-1-last-name\" placeholder=\"\" id=\"forminator-field-last-name-1_69ddb912c75b9\" class=\"forminator-input\" aria-required=\"true\" data-multi=\"1\" value=\"\" \/><\/div><\/div><\/div><\/div><\/div><div class=\"forminator-row\"><div id=\"email-1\" class=\"forminator-field-email forminator-col forminator-col-12 \"><div class=\"forminator-field\"><label for=\"forminator-field-email-1_69ddb912c75b9\" id=\"forminator-field-email-1_69ddb912c75b9-label\" class=\"forminator-label\">Email <span class=\"forminator-required\">*<\/span><\/label><input type=\"email\" name=\"email-1\" value=\"\" placeholder=\"\" id=\"forminator-field-email-1_69ddb912c75b9\" class=\"forminator-input forminator-email--field\" data-required=\"1\" aria-required=\"true\" \/><\/div><\/div><\/div><div class=\"forminator-row\"><div id=\"phone-1\" class=\"forminator-field-phone forminator-col forminator-col-12 \"><div class=\"forminator-field\"><label for=\"forminator-field-phone-1_69ddb912c75b9\" id=\"forminator-field-phone-1_69ddb912c75b9-label\" class=\"forminator-label\">Num\u00e9ro de t\u00e9l\u00e9phone <span class=\"forminator-required\">*<\/span><\/label><input type=\"text\" name=\"phone-1\" value=\"\" placeholder=\"\" id=\"forminator-field-phone-1_69ddb912c75b9\" class=\"forminator-input forminator-field--phone\" data-required=\"1\" aria-required=\"true\" autocomplete=\"off\" data-national_mode=\"enabled\" data-country=\"be\" data-validation=\"standard\" \/><\/div><\/div><\/div><div class=\"forminator-row\"><div id=\"textarea-1\" class=\"forminator-field-textarea forminator-col forminator-col-12 \"><div class=\"forminator-field\"><label for=\"forminator-field-textarea-1_69ddb912c75b9\" id=\"forminator-field-textarea-1_69ddb912c75b9-label\" class=\"forminator-label\">Votre message <span class=\"forminator-required\">*<\/span><\/label><textarea name=\"textarea-1\" placeholder=\"\" id=\"forminator-field-textarea-1_69ddb912c75b9\" class=\"forminator-textarea\" rows=\"6\" style=\"min-height:140px;\" ><\/textarea><\/div><\/div><\/div><input type=\"hidden\" name=\"referer_url\" value=\"\" \/><div class=\"forminator-row forminator-row-last\"><div class=\"forminator-col\"><div class=\"forminator-field\"><button class=\"forminator-button forminator-button-submit\"><span>Envoyer le message<\/span><span aria-hidden=\"true\"><\/span><\/button><\/div><\/div><\/div><input type=\"hidden\" id=\"forminator_nonce\" name=\"forminator_nonce\" value=\"7ffea95a59\" \/><input type=\"hidden\" name=\"_wp_http_referer\" value=\"\/fr\/wp-json\/wp\/v2\/pages\/166\" \/><input type=\"hidden\" name=\"form_id\" value=\"8153\"><input type=\"hidden\" name=\"page_id\" value=\"166\"><input type=\"hidden\" name=\"form_type\" value=\"default\"><input type=\"hidden\" name=\"current_url\" value=\"https:\/\/blstoitures.be\/fr\/contact\/\"><input type=\"hidden\" name=\"render_id\" value=\"0\"><input type=\"hidden\" name=\"action\" value=\"forminator_submit_form_custom-forms\"><\/form><\/div>\n\t\t\t\t<\/div>\n\t\t\t\t<\/div>\n\t\t            <\/div>\n        <\/div>\n                            <\/div>\n        <\/section>\n                <section class=\"elementor-section elementor-top-section elementor-element elementor-element-0ab479c elementor-section-full_width elementor-section-stretched elementor-section-height-default elementor-section-height-default ct-header-fixed-none pxl-divider-none\" data-id=\"0ab479c\" data-element_type=\"section\" data-settings=\"{&quot;stretch_section&quot;:&quot;section-stretched&quot;}\">\n            \n                        <div class=\"elementor-container elementor-column-gap-no \">\n                    <div class=\"elementor-column elementor-col-100 elementor-top-column elementor-element elementor-element-81214c8\" data-id=\"81214c8\" data-element_type=\"column\">\n            <div class=\"elementor-widget-wrap elementor-element-populated\">\n                        \t\t<div class=\"elementor-element elementor-element-904b9d6 elementor-widget elementor-widget-google_maps\" data-id=\"904b9d6\" data-element_type=\"widget\" data-widget_type=\"google_maps.default\">\n\t\t\t\t<div class=\"elementor-widget-container\">\n\t\t\t<style>\/*! elementor - v3.11.2 - 22-02-2023 *\/\n.elementor-widget-google_maps .elementor-widget-container{overflow:hidden}.elementor-widget-google_maps .elementor-custom-embed{line-height:0}.elementor-widget-google_maps iframe{height:300px}<\/style>\t\t<div class=\"elementor-custom-embed\">\n\t\t\t<iframe loading=\"lazy\"\n\t\t\t\t\tsrc=\"https:\/\/maps.google.com\/maps?q=%20Chauss%C3%A9e%20de%20ruisbroek%20257%2C%201620%20Drogenbos&#038;t=m&#038;z=12&#038;output=embed&#038;iwloc=near\"\n\t\t\t\t\ttitle=\" Chauss\u00e9e de ruisbroek 257, 1620 Drogenbos\"\n\t\t\t\t\taria-label=\" Chauss\u00e9e de ruisbroek 257, 1620 Drogenbos\"\n\t\t\t><\/iframe>\n\t\t<\/div>\n\t\t\t\t<\/div>\n\t\t\t\t<\/div>\n\t\t            <\/div>\n        <\/div>\n                            <\/div>\n        <\/section>\n        \t\t\t\t\t<\/div>\n\t\t","protected":false},"excerpt":{"rendered":"<p>Connectez-vous avec nous Ecrivez-nous pour toutes vos questions! Adresse Chauss\u00e9e de ruisbroek 257, 1620 Drogenbos Num\u00e9ro de t\u00e9l\u00e9phone +32 471 74 10 31 Mail Info@blstoitures.be<\/p>\n","protected":false},"author":1,"featured_media":0,"parent":0,"menu_order":0,"comment_status":"closed","ping_status":"closed","template":"","meta":{"footnotes":""},"class_list":["post-166","page","type-page","status-publish","hentry"],"_links":{"self":[{"href":"https:\/\/blstoitures.be\/fr\/wp-json\/wp\/v2\/pages\/166","targetHints":{"allow":["GET"]}}],"collection":[{"href":"https:\/\/blstoitures.be\/fr\/wp-json\/wp\/v2\/pages"}],"about":[{"href":"https:\/\/blstoitures.be\/fr\/wp-json\/wp\/v2\/types\/page"}],"author":[{"embeddable":true,"href":"https:\/\/blstoitures.be\/fr\/wp-json\/wp\/v2\/users\/1"}],"replies":[{"embeddable":true,"href":"https:\/\/blstoitures.be\/fr\/wp-json\/wp\/v2\/comments?post=166"}],"version-history":[{"count":28,"href":"https:\/\/blstoitures.be\/fr\/wp-json\/wp\/v2\/pages\/166\/revisions"}],"predecessor-version":[{"id":8777,"href":"https:\/\/blstoitures.be\/fr\/wp-json\/wp\/v2\/pages\/166\/revisions\/8777"}],"wp:attachment":[{"href":"https:\/\/blstoitures.be\/fr\/wp-json\/wp\/v2\/media?parent=166"}],"curies":[{"name":"wp","href":"https:\/\/api.w.org\/{rel}","templated":true}]}}