{"id":2520,"date":"2020-12-10T02:49:18","date_gmt":"2020-12-10T02:49:18","guid":{"rendered":"https:\/\/demo.casethemes.net\/bixol\/?page_id=2520"},"modified":"2025-06-16T14:16:08","modified_gmt":"2025-06-16T14:16:08","slug":"demander-un-devis","status":"publish","type":"page","link":"https:\/\/blstoitures.be\/fr\/demander-un-devis\/","title":{"rendered":"Demander Un Devis"},"content":{"rendered":"\t\t<div data-elementor-type=\"wp-page\" data-elementor-id=\"2520\" class=\"elementor elementor-2520\">\n\t\t\t\t\t\t\t        <section class=\"elementor-section elementor-top-section elementor-element elementor-element-c351789 elementor-section-boxed elementor-section-height-default elementor-section-height-default ct-header-fixed-none pxl-divider-none\" data-id=\"c351789\" data-element_type=\"section\">\n            \n                        <div class=\"elementor-container elementor-column-gap-extended \">\n                    <div class=\"elementor-column elementor-col-33 elementor-top-column elementor-element elementor-element-60be07e\" data-id=\"60be07e\" data-element_type=\"column\">\n            <div class=\"elementor-widget-wrap elementor-element-populated\">\n                        \t\t<div class=\"elementor-element elementor-element-2e0f9fa4 elementor-widget elementor-widget-ct_fancy_box\" data-id=\"2e0f9fa4\" data-element_type=\"widget\" data-widget_type=\"ct_fancy_box.default\">\n\t\t\t\t<div class=\"elementor-widget-container\">\n\t\t\t<div id=\"ct_fancy_box-2e0f9fa4\" class=\"ct-fancy-box ct-fancy-box-layout1 style1 wow fadeInUp\" data-wow-delay=\"ms\">\r\n    <div class=\"ct-inline-css\"  data-css=\"\r\n                        \">\r\n    <\/div>\r\n\r\n            <div class=\"item--icon\">\r\n            <i aria-hidden=\"true\" class=\"flaticon flaticon-pin\"><\/i>        <\/div>\r\n            <div class=\"item--holder\">\r\n        <h3 class=\"item--title fs-title-sm \">\r\n            Adresse        <\/h3>\r\n        <div class=\"item--description fs-desc-md\">\nChauss\u00e9e de ruisbroek 257, 1620 Drogenbos\n<\/div>\r\n    <\/div>\r\n\r\n            <a class=\"item--link\" href=\"https:\/\/www.google.com\/maps?q=380+St+Kilda+Road,+Melbourne,+Australia\"><\/a>\r\n    <\/div>\t\t<\/div>\n\t\t\t\t<\/div>\n\t\t\t\t<div class=\"elementor-element elementor-element-6ea4b79f elementor-widget elementor-widget-ct_fancy_box\" data-id=\"6ea4b79f\" data-element_type=\"widget\" data-widget_type=\"ct_fancy_box.default\">\n\t\t\t\t<div class=\"elementor-widget-container\">\n\t\t\t<div id=\"ct_fancy_box-6ea4b79f\" class=\"ct-fancy-box ct-fancy-box-layout1 style1 wow fadeInUp\" data-wow-delay=\"50ms\">\r\n    <div class=\"ct-inline-css\"  data-css=\"\r\n                        \">\r\n    <\/div>\r\n\r\n            <div class=\"item--icon\">\r\n            <i aria-hidden=\"true\" class=\"flaticon flaticon-phone\"><\/i>        <\/div>\r\n            <div class=\"item--holder\">\r\n        <h3 class=\"item--title fs-title-sm \">\r\n            Num\u00e9ro de t\u00e9l\u00e9phone        <\/h3>\r\n        <div class=\"item--description fs-desc-md\">+32 471 74 10 31<\/div>\r\n    <\/div>\r\n\r\n            <a class=\"item--link\" href=\"tel:+4083895470\"><\/a>\r\n    <\/div>\t\t<\/div>\n\t\t\t\t<\/div>\n\t\t\t\t<div class=\"elementor-element elementor-element-788f1e02 elementor-widget elementor-widget-ct_fancy_box\" data-id=\"788f1e02\" data-element_type=\"widget\" data-widget_type=\"ct_fancy_box.default\">\n\t\t\t\t<div class=\"elementor-widget-container\">\n\t\t\t<div id=\"ct_fancy_box-788f1e02\" class=\"ct-fancy-box ct-fancy-box-layout1 style1 wow fadeInUp\" data-wow-delay=\"100ms\">\r\n    <div class=\"ct-inline-css\"  data-css=\"\r\n                        \">\r\n    <\/div>\r\n\r\n            <div class=\"item--icon\">\r\n            <i aria-hidden=\"true\" class=\"flaticon flaticon-mail\"><\/i>        <\/div>\r\n            <div class=\"item--holder\">\r\n        <h3 class=\"item--title fs-title-sm \">\r\n            Mail        <\/h3>\r\n        <div class=\"item--description fs-desc-md\">Info@blstoitures.be<\/div>\r\n    <\/div>\r\n\r\n            <a class=\"item--link\" href=\"mailto:help@bixolcleaning.com\"><\/a>\r\n    <\/div>\t\t<\/div>\n\t\t\t\t<\/div>\n\t\t            <\/div>\n        <\/div>\n                <div class=\"elementor-column elementor-col-66 elementor-top-column elementor-element elementor-element-550aa22\" data-id=\"550aa22\" data-element_type=\"column\">\n            <div class=\"elementor-widget-wrap elementor-element-populated\">\n                        \t\t<div class=\"elementor-element elementor-element-3d6692a elementor-widget elementor-widget-shortcode\" data-id=\"3d6692a\" data-element_type=\"widget\" data-widget_type=\"shortcode.default\">\n\t\t\t\t<div class=\"elementor-widget-container\">\n\t\t\t\t\t<div class=\"elementor-shortcode\"><div class=\"forminator-ui forminator-custom-form forminator-custom-form-8150 forminator-design--flat  forminator_ajax\" data-forminator-render=\"0\" data-form=\"forminator-module-8150\" data-uid=\"69ddba3b41ae0\"><br\/><\/div><form\n\t\t\t\tid=\"forminator-module-8150\"\n\t\t\t\tclass=\"forminator-ui forminator-custom-form forminator-custom-form-8150 forminator-design--flat  forminator_ajax\"\n\t\t\t\tmethod=\"post\"\n\t\t\t\tdata-forminator-render=\"0\"\n\t\t\t\tdata-form-id=\"8150\"\n\t\t\t\t\n\t\t\t\tdata-design=\"flat\"\n\t\t\t\t\n\t\t\t\t\n\t\t\t\t\n\t\t\t\tdata-grid=\"open\"\n\t\t\t\t\n\t\t\t\t\n\t\t\t\tstyle=\"display: none;\"\n\t\t\t\t\n\t\t\t\tdata-uid=\"69ddba3b41ae0\"\n\t\t\t><div role=\"alert\" aria-live=\"polite\" class=\"forminator-response-message forminator-error\" aria-hidden=\"true\"><\/div><div class=\"forminator-row\"><div id=\"name-1\" class=\"forminator-field-name forminator-col forminator-col-12 \"><div class=\"forminator-row forminator-no-margin\" data-multiple=\"true\"><div class=\"forminator-col forminator-col-md-6\"><div class=\"forminator-field\"><label for=\"forminator-field-first-name-1_69ddba3b41ae0\" id=\"forminator-field-first-name-1_69ddba3b41ae0-label\" class=\"forminator-label\">Pr\u00e9nom <span class=\"forminator-required\">*<\/span><\/label><input type=\"text\" name=\"name-1-first-name\" placeholder=\"\" id=\"forminator-field-first-name-1_69ddba3b41ae0\" class=\"forminator-input\" aria-required=\"true\" data-multi=\"1\" value=\"\" \/><\/div><\/div><div class=\"forminator-col forminator-col-md-6\"><div class=\"forminator-field\"><label for=\"forminator-field-last-name-1_69ddba3b41ae0\" id=\"forminator-field-last-name-1_69ddba3b41ae0-label\" class=\"forminator-label\">Nom <span class=\"forminator-required\">*<\/span><\/label><input type=\"text\" name=\"name-1-last-name\" placeholder=\"\" id=\"forminator-field-last-name-1_69ddba3b41ae0\" class=\"forminator-input\" aria-required=\"true\" data-multi=\"1\" value=\"\" \/><\/div><\/div><\/div><\/div><\/div><div class=\"forminator-row\"><div id=\"email-2\" class=\"forminator-field-email forminator-col forminator-col-12 \"><div class=\"forminator-field\"><label for=\"forminator-field-email-2_69ddba3b41ae0\" id=\"forminator-field-email-2_69ddba3b41ae0-label\" class=\"forminator-label\">Adresse email <span class=\"forminator-required\">*<\/span><\/label><input type=\"email\" name=\"email-2\" value=\"\" placeholder=\"\" id=\"forminator-field-email-2_69ddba3b41ae0\" class=\"forminator-input forminator-email--field\" data-required=\"1\" aria-required=\"true\" \/><\/div><\/div><\/div><div class=\"forminator-row\"><div id=\"phone-1\" class=\"forminator-field-phone forminator-col forminator-col-12 \"><div class=\"forminator-field\"><label for=\"forminator-field-phone-1_69ddba3b41ae0\" id=\"forminator-field-phone-1_69ddba3b41ae0-label\" class=\"forminator-label\">Num\u00e9ro de t\u00e9l\u00e9phone <span class=\"forminator-required\">*<\/span><\/label><input type=\"text\" name=\"phone-1\" value=\"\" placeholder=\"\" id=\"forminator-field-phone-1_69ddba3b41ae0\" class=\"forminator-input forminator-field--phone\" data-required=\"1\" aria-required=\"true\" autocomplete=\"off\" data-national_mode=\"enabled\" data-country=\"be\" data-validation=\"standard\" \/><\/div><\/div><\/div><div class=\"forminator-row\"><div id=\"select-1\" class=\"forminator-field-select forminator-col forminator-col-12 \"><div class=\"forminator-field\"><label for=\"forminator-form-8150__field--select-1_69ddba3b41ae0\" id=\"forminator-form-8150__field--select-1_69ddba3b41ae0-label\" class=\"forminator-label\">Quel(s) service(s) avez-vous besoin? <span class=\"forminator-required\">*<\/span><\/label><div class=\"forminator-multiselect\" aria-labelledby=\"forminator-form-8150__field--select-1_69ddba3b41ae0-label\"><label id=\"forminator-form-8150__field--select-1_69ddba3b41ae0-1-label\" for=\"forminator-form-8150__field--select-1_69ddba3b41ae0-1\" class=\"forminator-option\"><input type=\"checkbox\" name=\"select-1[]\" value=\"Cuisine\" id=\"forminator-form-8150__field--select-1_69ddba3b41ae0-1\" aria-labelledby=\"forminator-form-8150__field--select-1_69ddba3b41ae0-1-label\" data-calculation=\"0\"   \/>Cuisine<\/label><label id=\"forminator-form-8150__field--select-1_69ddba3b41ae0-2-label\" for=\"forminator-form-8150__field--select-1_69ddba3b41ae0-2\" class=\"forminator-option\"><input type=\"checkbox\" name=\"select-1[]\" value=\"Conseils couleurs\" id=\"forminator-form-8150__field--select-1_69ddba3b41ae0-2\" aria-labelledby=\"forminator-form-8150__field--select-1_69ddba3b41ae0-2-label\" data-calculation=\"0\"   \/>Conseils couleurs<\/label><label id=\"forminator-form-8150__field--select-1_69ddba3b41ae0-3-label\" for=\"forminator-form-8150__field--select-1_69ddba3b41ae0-3\" class=\"forminator-option\"><input type=\"checkbox\" name=\"select-1[]\" value=\"Peinture int\u00e9rieure et ext\u00e9rieure\" id=\"forminator-form-8150__field--select-1_69ddba3b41ae0-3\" aria-labelledby=\"forminator-form-8150__field--select-1_69ddba3b41ae0-3-label\" data-calculation=\"0\"   \/>Peinture int\u00e9rieure et ext\u00e9rieure<\/label><label id=\"forminator-form-8150__field--select-1_69ddba3b41ae0-4-label\" for=\"forminator-form-8150__field--select-1_69ddba3b41ae0-4\" class=\"forminator-option\"><input type=\"checkbox\" name=\"select-1[]\" value=\"Fa\u00e7ade\" id=\"forminator-form-8150__field--select-1_69ddba3b41ae0-4\" aria-labelledby=\"forminator-form-8150__field--select-1_69ddba3b41ae0-4-label\" data-calculation=\"0\"   \/>Fa\u00e7ade<\/label><label id=\"forminator-form-8150__field--select-1_69ddba3b41ae0-5-label\" for=\"forminator-form-8150__field--select-1_69ddba3b41ae0-5\" class=\"forminator-option\"><input type=\"checkbox\" name=\"select-1[]\" value=\"Pl\u00e2trerie\" id=\"forminator-form-8150__field--select-1_69ddba3b41ae0-5\" aria-labelledby=\"forminator-form-8150__field--select-1_69ddba3b41ae0-5-label\" data-calculation=\"0\"   \/>Pl\u00e2trerie<\/label><label id=\"forminator-form-8150__field--select-1_69ddba3b41ae0-6-label\" for=\"forminator-form-8150__field--select-1_69ddba3b41ae0-6\" class=\"forminator-option\"><input type=\"checkbox\" name=\"select-1[]\" value=\"Nouvelle-construction\" id=\"forminator-form-8150__field--select-1_69ddba3b41ae0-6\" aria-labelledby=\"forminator-form-8150__field--select-1_69ddba3b41ae0-6-label\" data-calculation=\"0\"   \/>Nouvelle construction<\/label><label id=\"forminator-form-8150__field--select-1_69ddba3b41ae0-7-label\" for=\"forminator-form-8150__field--select-1_69ddba3b41ae0-7\" class=\"forminator-option\"><input type=\"checkbox\" name=\"select-1[]\" value=\"Bathroom Cleaning\" id=\"forminator-form-8150__field--select-1_69ddba3b41ae0-7\" aria-labelledby=\"forminator-form-8150__field--select-1_69ddba3b41ae0-7-label\" data-calculation=\"0\"   \/>Sols stratifi\u00e9s \/ parquet<\/label><label id=\"forminator-form-8150__field--select-1_69ddba3b41ae0-8-label\" for=\"forminator-form-8150__field--select-1_69ddba3b41ae0-8\" class=\"forminator-option\"><input type=\"checkbox\" name=\"select-1[]\" value=\"Menuiserie\" id=\"forminator-form-8150__field--select-1_69ddba3b41ae0-8\" aria-labelledby=\"forminator-form-8150__field--select-1_69ddba3b41ae0-8-label\" data-calculation=\"0\"   \/>Menuiserie<\/label><label id=\"forminator-form-8150__field--select-1_69ddba3b41ae0-9-label\" for=\"forminator-form-8150__field--select-1_69ddba3b41ae0-9\" class=\"forminator-option\"><input type=\"checkbox\" name=\"select-1[]\" value=\"Plafonnage-et-Cloison\" id=\"forminator-form-8150__field--select-1_69ddba3b41ae0-9\" aria-labelledby=\"forminator-form-8150__field--select-1_69ddba3b41ae0-9-label\" data-calculation=\"0\"   \/>Plafonnage et Cloison<\/label><label id=\"forminator-form-8150__field--select-1_69ddba3b41ae0-10-label\" for=\"forminator-form-8150__field--select-1_69ddba3b41ae0-10\" class=\"forminator-option\"><input type=\"checkbox\" name=\"select-1[]\" value=\"Travaux-d\u2019isolation\" id=\"forminator-form-8150__field--select-1_69ddba3b41ae0-10\" aria-labelledby=\"forminator-form-8150__field--select-1_69ddba3b41ae0-10-label\" data-calculation=\"0\"   \/>Travaux d\u2019isolation<\/label><label id=\"forminator-form-8150__field--select-1_69ddba3b41ae0-11-label\" for=\"forminator-form-8150__field--select-1_69ddba3b41ae0-11\" class=\"forminator-option\"><input type=\"checkbox\" name=\"select-1[]\" value=\"Travaux-de-papier-peint\" id=\"forminator-form-8150__field--select-1_69ddba3b41ae0-11\" aria-labelledby=\"forminator-form-8150__field--select-1_69ddba3b41ae0-11-label\" data-calculation=\"0\"   \/>Travaux de papier peint<\/label><label id=\"forminator-form-8150__field--select-1_69ddba3b41ae0-12-label\" for=\"forminator-form-8150__field--select-1_69ddba3b41ae0-12\" class=\"forminator-option\"><input type=\"checkbox\" name=\"select-1[]\" value=\"R\u00e9novation\" id=\"forminator-form-8150__field--select-1_69ddba3b41ae0-12\" aria-labelledby=\"forminator-form-8150__field--select-1_69ddba3b41ae0-12-label\" data-calculation=\"0\"   \/>R\u00e9novation<\/label><label id=\"forminator-form-8150__field--select-1_69ddba3b41ae0-13-label\" for=\"forminator-form-8150__field--select-1_69ddba3b41ae0-13\" class=\"forminator-option\"><input type=\"checkbox\" name=\"select-1[]\" value=\"Toiture\" id=\"forminator-form-8150__field--select-1_69ddba3b41ae0-13\" aria-labelledby=\"forminator-form-8150__field--select-1_69ddba3b41ae0-13-label\" data-calculation=\"0\"   \/>Toiture<\/label><label id=\"forminator-form-8150__field--select-1_69ddba3b41ae0-14-label\" for=\"forminator-form-8150__field--select-1_69ddba3b41ae0-14\" class=\"forminator-option\"><input type=\"checkbox\" name=\"select-1[]\" value=\"Plomberie-&amp;-chauffage\" id=\"forminator-form-8150__field--select-1_69ddba3b41ae0-14\" aria-labelledby=\"forminator-form-8150__field--select-1_69ddba3b41ae0-14-label\" data-calculation=\"0\"   \/>Plomberie &amp; Chauffage<\/label><label id=\"forminator-form-8150__field--select-1_69ddba3b41ae0-15-label\" for=\"forminator-form-8150__field--select-1_69ddba3b41ae0-15\" class=\"forminator-option\"><input type=\"checkbox\" name=\"select-1[]\" value=\"Gros-\u0153uvre\" id=\"forminator-form-8150__field--select-1_69ddba3b41ae0-15\" aria-labelledby=\"forminator-form-8150__field--select-1_69ddba3b41ae0-15-label\" data-calculation=\"0\"   \/>Gros \u0153uvre<\/label><label id=\"forminator-form-8150__field--select-1_69ddba3b41ae0-16-label\" for=\"forminator-form-8150__field--select-1_69ddba3b41ae0-16\" class=\"forminator-option\"><input type=\"checkbox\" name=\"select-1[]\" value=\"Faux-plafonds\" id=\"forminator-form-8150__field--select-1_69ddba3b41ae0-16\" aria-labelledby=\"forminator-form-8150__field--select-1_69ddba3b41ae0-16-label\" data-calculation=\"0\"   \/>Faux plafonds<\/label><label id=\"forminator-form-8150__field--select-1_69ddba3b41ae0-17-label\" for=\"forminator-form-8150__field--select-1_69ddba3b41ae0-17\" class=\"forminator-option\"><input type=\"checkbox\" name=\"select-1[]\" value=\"\u00c9lectricit\u00e9\" id=\"forminator-form-8150__field--select-1_69ddba3b41ae0-17\" aria-labelledby=\"forminator-form-8150__field--select-1_69ddba3b41ae0-17-label\" data-calculation=\"0\"   \/>\u00c9lectricit\u00e9<\/label><label id=\"forminator-form-8150__field--select-1_69ddba3b41ae0-18-label\" for=\"forminator-form-8150__field--select-1_69ddba3b41ae0-18\" class=\"forminator-option\"><input type=\"checkbox\" name=\"select-1[]\" value=\"Ch\u00e2ssis\" id=\"forminator-form-8150__field--select-1_69ddba3b41ae0-18\" aria-labelledby=\"forminator-form-8150__field--select-1_69ddba3b41ae0-18-label\" data-calculation=\"0\"   \/>Ch\u00e2ssis<\/label><label id=\"forminator-form-8150__field--select-1_69ddba3b41ae0-19-label\" for=\"forminator-form-8150__field--select-1_69ddba3b41ae0-19\" class=\"forminator-option\"><input type=\"checkbox\" name=\"select-1[]\" value=\"Carrelage\" id=\"forminator-form-8150__field--select-1_69ddba3b41ae0-19\" aria-labelledby=\"forminator-form-8150__field--select-1_69ddba3b41ae0-19-label\" data-calculation=\"0\"   \/>Carrelage<\/label><input type='hidden' name='select-1-multiselect-default-values' class='multiselect-default-values' value='' \/><\/div><\/div><\/div><\/div><div class=\"forminator-row\"><div id=\"textarea-1\" class=\"forminator-field-textarea forminator-col forminator-col-12 \"><div class=\"forminator-field\"><label for=\"forminator-field-textarea-1_69ddba3b41ae0\" id=\"forminator-field-textarea-1_69ddba3b41ae0-label\" class=\"forminator-label\">Note suppl\u00e9mentaire<\/label><textarea name=\"textarea-1\" placeholder=\"\" id=\"forminator-field-textarea-1_69ddba3b41ae0\" class=\"forminator-textarea\" rows=\"6\" style=\"min-height:140px;\" ><\/textarea><\/div><\/div><\/div><input type=\"hidden\" name=\"referer_url\" value=\"\" \/><div class=\"forminator-row forminator-row-last\"><div class=\"forminator-col\"><div class=\"forminator-field\"><button class=\"forminator-button forminator-button-submit\">Demander un devis<\/button><\/div><\/div><\/div><input type=\"hidden\" id=\"forminator_nonce\" name=\"forminator_nonce\" value=\"80db2c2399\" \/><input type=\"hidden\" name=\"_wp_http_referer\" value=\"\/fr\/wp-json\/wp\/v2\/pages\/2520\" \/><input type=\"hidden\" name=\"form_id\" value=\"8150\"><input type=\"hidden\" name=\"page_id\" value=\"2520\"><input type=\"hidden\" name=\"form_type\" value=\"default\"><input type=\"hidden\" name=\"current_url\" value=\"https:\/\/blstoitures.be\/fr\/demander-un-devis\/\"><input type=\"hidden\" name=\"render_id\" value=\"0\"><input type=\"hidden\" name=\"action\" value=\"forminator_submit_form_custom-forms\"><\/form><\/div>\n\t\t\t\t<\/div>\n\t\t\t\t<\/div>\n\t\t            <\/div>\n        <\/div>\n                            <\/div>\n        <\/section>\n        \t\t\t\t\t<\/div>\n\t\t","protected":false},"excerpt":{"rendered":"<p>Adresse Chauss\u00e9e de ruisbroek 257, 1620 Drogenbos Num\u00e9ro de t\u00e9l\u00e9phone +32 471 74 10 31 Mail Info@blstoitures.be<\/p>\n","protected":false},"author":1,"featured_media":0,"parent":0,"menu_order":0,"comment_status":"closed","ping_status":"closed","template":"","meta":{"footnotes":""},"class_list":["post-2520","page","type-page","status-publish","hentry"],"_links":{"self":[{"href":"https:\/\/blstoitures.be\/fr\/wp-json\/wp\/v2\/pages\/2520","targetHints":{"allow":["GET"]}}],"collection":[{"href":"https:\/\/blstoitures.be\/fr\/wp-json\/wp\/v2\/pages"}],"about":[{"href":"https:\/\/blstoitures.be\/fr\/wp-json\/wp\/v2\/types\/page"}],"author":[{"embeddable":true,"href":"https:\/\/blstoitures.be\/fr\/wp-json\/wp\/v2\/users\/1"}],"replies":[{"embeddable":true,"href":"https:\/\/blstoitures.be\/fr\/wp-json\/wp\/v2\/comments?post=2520"}],"version-history":[{"count":19,"href":"https:\/\/blstoitures.be\/fr\/wp-json\/wp\/v2\/pages\/2520\/revisions"}],"predecessor-version":[{"id":8798,"href":"https:\/\/blstoitures.be\/fr\/wp-json\/wp\/v2\/pages\/2520\/revisions\/8798"}],"wp:attachment":[{"href":"https:\/\/blstoitures.be\/fr\/wp-json\/wp\/v2\/media?parent=2520"}],"curies":[{"name":"wp","href":"https:\/\/api.w.org\/{rel}","templated":true}]}}